{"id":143,"date":"2025-05-08T14:15:15","date_gmt":"2025-05-08T14:15:15","guid":{"rendered":"https:\/\/www.pudasjarvenpuutarha.fi\/?page_id=143"},"modified":"2025-05-08T14:15:15","modified_gmt":"2025-05-08T14:15:15","slug":"monivuotiset","status":"publish","type":"page","link":"https:\/\/www.pudasjarvenpuutarha.fi\/?page_id=143","title":{"rendered":"Monivuotiset"},"content":{"rendered":"\n<table id=\"tablepress-4\" class=\"tablepress tablepress-id-4\">\n<thead>\n<tr class=\"row-1\">\n\t<th class=\"column-1\">Nimi<\/th><th class=\"column-2\">Hinta<\/th><th class=\"column-3\">Korkeus (cm)<\/th><th class=\"column-4\">Kukinta-aika<\/th><th class=\"column-5\">V\u00e4ri<\/th><th class=\"column-6\">Kasvupaikka<\/th>\n<\/tr>\n<\/thead>\n<tbody class=\"row-striping row-hover\">\n<tr class=\"row-2\">\n\t<td class=\"column-1\">Amerikanvuokko<\/td><td class=\"column-2\">6.50<\/td><td class=\"column-3\">20-30<\/td><td class=\"column-4\">Kes\u00e4-Hein\u00e4<\/td><td class=\"column-5\">Pinkki\/Valkoinen<\/td><td class=\"column-6\">Aurinko\/Puolivarjo<\/td>\n<\/tr>\n<tr class=\"row-3\">\n\t<td class=\"column-1\">Harjaneilikka kerrottu mix<\/td><td class=\"column-2\">5.00<\/td><td class=\"column-3\">30-40<\/td><td class=\"column-4\">Hein\u00e4-Elo<\/td><td class=\"column-5\">Mix<\/td><td class=\"column-6\">Aurinko<\/td>\n<\/tr>\n<tr class=\"row-4\">\n\t<td class=\"column-1\">Hopeah\u00e4rkki &#8221;Silver carpet&#8221;<\/td><td class=\"column-2\">5.00<\/td><td class=\"column-3\">15<\/td><td class=\"column-4\">Kes\u00e4-Hein\u00e4<\/td><td class=\"column-5\">Valkoinen<\/td><td class=\"column-6\">Aurinko<\/td>\n<\/tr>\n<tr class=\"row-5\">\n\t<td class=\"column-1\">Hopeamaruna<\/td><td class=\"column-2\">8.00<\/td><td class=\"column-3\">80-100<\/td><td class=\"column-4\">Kes\u00e4-Elo<\/td><td class=\"column-5\"><\/td><td class=\"column-6\">Aurinko\/Puolivarjo<\/td>\n<\/tr>\n<tr class=\"row-6\">\n\t<td class=\"column-1\">Id\u00e4nunikko &#8221;Coral Reef&#8221;<\/td><td class=\"column-2\">5.00<\/td><td class=\"column-3\">60<\/td><td class=\"column-4\">Hein\u00e4-Elo<\/td><td class=\"column-5\">Korallinpunainen<\/td><td class=\"column-6\">Aurinko<\/td>\n<\/tr>\n<tr class=\"row-7\">\n\t<td class=\"column-1\">Isot\u00e4htiputki &#8221;Hadspen Blood&#8221;<\/td><td class=\"column-2\">8.00<\/td><td class=\"column-3\">60-70<\/td><td class=\"column-4\">Hein\u00e4-Elo<\/td><td class=\"column-5\">Viininpunainen<\/td><td class=\"column-6\">Aurinko\/Puolivarjo<\/td>\n<\/tr>\n<tr class=\"row-8\">\n\t<td class=\"column-1\">Jaloakileija mix<\/td><td class=\"column-2\">5.25<\/td><td class=\"column-3\">40-80<\/td><td class=\"column-4\">Kes\u00e4-Hein\u00e4<\/td><td class=\"column-5\">Mix<\/td><td class=\"column-6\">Aurinko\/Puolivarjo<\/td>\n<\/tr>\n<tr class=\"row-9\">\n\t<td class=\"column-1\">Jalokuunlilja &#8221;Minute Man&#8221;<\/td><td class=\"column-2\">6.00<\/td><td class=\"column-3\">30-60<\/td><td class=\"column-4\">Kes\u00e4-Hein\u00e4<\/td><td class=\"column-5\"><\/td><td class=\"column-6\">Puolivarjo\/Varjo<\/td>\n<\/tr>\n<tr class=\"row-10\">\n\t<td class=\"column-1\">Jaloritarinkannus &#8221;Blue Bird&#8221;<\/td><td class=\"column-2\">5.00<\/td><td class=\"column-3\">180<\/td><td class=\"column-4\">Kes\u00e4-Elo<\/td><td class=\"column-5\">Sininen<\/td><td class=\"column-6\">Aurinko\/Puolivarjo<\/td>\n<\/tr>\n<tr class=\"row-11\">\n\t<td class=\"column-1\">Kallionmaksaruoho<\/td><td class=\"column-2\">5.20<\/td><td class=\"column-3\">5-10<\/td><td class=\"column-4\">Hein\u00e4-Elo<\/td><td class=\"column-5\">Keltainen<\/td><td class=\"column-6\">Aurinko\/puolivarjo<\/td>\n<\/tr>\n<tr class=\"row-12\">\n\t<td class=\"column-1\">Karpaattienkello<\/td><td class=\"column-2\">5.00<\/td><td class=\"column-3\">30<\/td><td class=\"column-4\">Kes\u00e4-Hein\u00e4<\/td><td class=\"column-5\">Sininen<\/td><td class=\"column-6\">Aurinko<\/td>\n<\/tr>\n<tr class=\"row-13\">\n\t<td class=\"column-1\">Kaunokainen bellis mix<\/td><td class=\"column-2\">5.00<\/td><td class=\"column-3\">10-15<\/td><td class=\"column-4\">Kes\u00e4-Elo<\/td><td class=\"column-5\">Mix<\/td><td class=\"column-6\">Aurinko\/Puolivarjo<\/td>\n<\/tr>\n<tr class=\"row-14\">\n\t<td class=\"column-1\">Keltamaksaruoho<\/td><td class=\"column-2\">5.20<\/td><td class=\"column-3\">5-10<\/td><td class=\"column-4\">Kes\u00e4-Hein\u00e4<\/td><td class=\"column-5\">Keltainen<\/td><td class=\"column-6\">Aurinko<\/td>\n<\/tr>\n<tr class=\"row-15\">\n\t<td class=\"column-1\">Kerrattu v\u00e4rililja &#8221;Bald Eagle&#8221;<\/td><td class=\"column-2\">4.70<\/td><td class=\"column-3\">80-100<\/td><td class=\"column-4\">Hein\u00e4-Elo<\/td><td class=\"column-5\">Punainen<\/td><td class=\"column-6\">Aurinko\/puolivarjo<\/td>\n<\/tr>\n<tr class=\"row-16\">\n\t<td class=\"column-1\">Kerrattu v\u00e4rililja &#8221;Double Princess&#8221;<\/td><td class=\"column-2\">5.00<\/td><td class=\"column-3\">100-120<\/td><td class=\"column-4\">Hein\u00e4-Elo<\/td><td class=\"column-5\">Oranssi<\/td><td class=\"column-6\">Aurinko\/puolivarjo<\/td>\n<\/tr>\n<tr class=\"row-17\">\n\t<td class=\"column-1\">Ketoneilikka<\/td><td class=\"column-2\">5.20<\/td><td class=\"column-3\">15-20<\/td><td class=\"column-4\">Kes\u00e4-Hein\u00e4<\/td><td class=\"column-5\">Punainen<\/td><td class=\"column-6\">Aurinko<\/td>\n<\/tr>\n<tr class=\"row-18\">\n\t<td class=\"column-1\">Kiinanpioni &#8221;Karl Rosenfield&#8221;<\/td><td class=\"column-2\">12.95<\/td><td class=\"column-3\">80<\/td><td class=\"column-4\">Kes\u00e4-Hein\u00e4<\/td><td class=\"column-5\">Punainen<\/td><td class=\"column-6\">Aurinko\/Puolivarjo<\/td>\n<\/tr>\n<tr class=\"row-19\">\n\t<td class=\"column-1\">Kiinanpioni &#8221;Sarah Bernhardt&#8221;<\/td><td class=\"column-2\">12.95<\/td><td class=\"column-3\">100<\/td><td class=\"column-4\">Kes\u00e4-Hein\u00e4<\/td><td class=\"column-5\">Vaaleanpunainen<\/td><td class=\"column-6\">Aurinko\/Puolivarjo<\/td>\n<\/tr>\n<tr class=\"row-20\">\n\t<td class=\"column-1\">Kivikkosuopayrtti<\/td><td class=\"column-2\">6.50<\/td><td class=\"column-3\">20<\/td><td class=\"column-4\">Kes\u00e4-Hein\u00e4<\/td><td class=\"column-5\">Aniliininpunainen<\/td><td class=\"column-6\">Aurinko<\/td>\n<\/tr>\n<tr class=\"row-21\">\n\t<td class=\"column-1\">Korallikeijunkukka &#8221;Ruby Bells&#8221;<\/td><td class=\"column-2\">5.00<\/td><td class=\"column-3\">40-45<\/td><td class=\"column-4\">Elo-Syys<\/td><td class=\"column-5\">Punainen<\/td><td class=\"column-6\">Aurinko<\/td>\n<\/tr>\n<tr class=\"row-22\">\n\t<td class=\"column-1\">Kurjenkello &#8221;Takion Blue&#8221;<\/td><td class=\"column-2\">6.25<\/td><td class=\"column-3\">100<\/td><td class=\"column-4\">Kes\u00e4-Hein\u00e4<\/td><td class=\"column-5\">Sininen<\/td><td class=\"column-6\">Aurinko\/Puolivarjo<\/td>\n<\/tr>\n<tr class=\"row-23\">\n\t<td class=\"column-1\">Kurjenkello &#8221;Takion White&#8221;<br \/>\n<\/td><td class=\"column-2\">6.25<\/td><td class=\"column-3\">100<\/td><td class=\"column-4\">Kes\u00e4-Hein\u00e4<\/td><td class=\"column-5\">Valkoinen<\/td><td class=\"column-6\">Aurinko\/Puolivarjo<\/td>\n<\/tr>\n<tr class=\"row-24\">\n\t<td class=\"column-1\">Lilja LA-hybridi &#8221;Eyeliner&#8221;<\/td><td class=\"column-2\">3.15<\/td><td class=\"column-3\">70-90<\/td><td class=\"column-4\">Hein\u00e4-Elo<\/td><td class=\"column-5\">Valkoinen<\/td><td class=\"column-6\">Aurinko\/puolivarjo<\/td>\n<\/tr>\n<tr class=\"row-25\">\n\t<td class=\"column-1\">Lilja LA-hybridi &#8221;Hardrock&#8221;<\/td><td class=\"column-2\">3.15<\/td><td class=\"column-3\">100-120<\/td><td class=\"column-4\">Hein\u00e4-Elo<\/td><td class=\"column-5\">Punainen<\/td><td class=\"column-6\">Aurinko\/puolivarjo<\/td>\n<\/tr>\n<tr class=\"row-26\">\n\t<td class=\"column-1\">Loistokurjenmiekka &#8221;Light of Heart&#8221;<\/td><td class=\"column-2\">6.50<\/td><td class=\"column-3\">60-80<\/td><td class=\"column-4\">Kes\u00e4-Hein\u00e4<\/td><td class=\"column-5\">Lila<\/td><td class=\"column-6\">Aurinko\/Puolivarjo<\/td>\n<\/tr>\n<tr class=\"row-27\">\n\t<td class=\"column-1\">Loistokurjenmiekka &#8221;Swans in Flight&#8221;<\/td><td class=\"column-2\">6.50<\/td><td class=\"column-3\">70-80<\/td><td class=\"column-4\">Kes\u00e4-Hein\u00e4<\/td><td class=\"column-5\">Valkoinen<\/td><td class=\"column-6\">Aurinko\/Puolivarjo<\/td>\n<\/tr>\n<tr class=\"row-28\">\n\t<td class=\"column-1\">Loistop\u00e4iv\u00e4nhattu<\/td><td class=\"column-2\">5.50<\/td><td class=\"column-3\">50<\/td><td class=\"column-4\">Elo-Loka<\/td><td class=\"column-5\">Keltainen<\/td><td class=\"column-6\">Aurinko\/Puolivarjo<\/td>\n<\/tr>\n<tr class=\"row-29\">\n\t<td class=\"column-1\">Loistos\u00e4dekukka &#8221;Arizona red shades&#8221;<\/td><td class=\"column-2\">6.00<\/td><td class=\"column-3\">30<\/td><td class=\"column-4\">Hein\u00e4-Syys<\/td><td class=\"column-5\">Punainen<\/td><td class=\"column-6\">Aurinko\/Puolivarjo<\/td>\n<\/tr>\n<tr class=\"row-30\">\n\t<td class=\"column-1\">Loistos\u00e4dekukka &#8221;Arizona sun&#8221;<\/td><td class=\"column-2\">6.00<\/td><td class=\"column-3\">30-45<\/td><td class=\"column-4\">Hein\u00e4-Syys<\/td><td class=\"column-5\">Keltainen\/Oranssi\/Punainen<\/td><td class=\"column-6\">Aurinko\/Puolivarjo<\/td>\n<\/tr>\n<tr class=\"row-31\">\n\t<td class=\"column-1\">Matala v\u00e4rililja &#8221;Gwen&#8221;<\/td><td class=\"column-2\">8.90<\/td><td class=\"column-3\">40-50<\/td><td class=\"column-4\">Hein\u00e4-Elo<\/td><td class=\"column-5\">Valkoinen<\/td><td class=\"column-6\">Aurinko\/puolivarjo<\/td>\n<\/tr>\n<tr class=\"row-32\">\n\t<td class=\"column-1\">Matala v\u00e4rililja &#8221;Happy Heart&#8221;<\/td><td class=\"column-2\">8.90<\/td><td class=\"column-3\">30-45<\/td><td class=\"column-4\">Hein\u00e4-Elo<\/td><td class=\"column-5\">Punainen<\/td><td class=\"column-6\">Aurinko\/puolivarjo<\/td>\n<\/tr>\n<tr class=\"row-33\">\n\t<td class=\"column-1\">Matala v\u00e4rililja &#8221;Rozalynn&#8221;<\/td><td class=\"column-2\">8.90<\/td><td class=\"column-3\">40-50<\/td><td class=\"column-4\">Hein\u00e4-Elo<\/td><td class=\"column-5\">Vaaleanpunainen<\/td><td class=\"column-6\">Aurinko\/puolivarjo<\/td>\n<\/tr>\n<tr class=\"row-34\">\n\t<td class=\"column-1\">Matala v\u00e4rililja &#8221;Trendy Dakota&#8221;<\/td><td class=\"column-2\">8.90<\/td><td class=\"column-3\">40-45<\/td><td class=\"column-4\">Hein\u00e4-Elo<\/td><td class=\"column-5\">Pinkki<\/td><td class=\"column-6\">Aurinko\/puolivarjo<\/td>\n<\/tr>\n<tr class=\"row-35\">\n\t<td class=\"column-1\">Myskimalva<\/td><td class=\"column-2\">5.00<\/td><td class=\"column-3\">100<\/td><td class=\"column-4\">Elo-Syys<\/td><td class=\"column-5\">Rose<\/td><td class=\"column-6\">Aurinko<\/td>\n<\/tr>\n<tr class=\"row-36\">\n\t<td class=\"column-1\">Palavarakkaus<\/td><td class=\"column-2\">5.00<\/td><td class=\"column-3\">90<\/td><td class=\"column-4\">Kes\u00e4-Elo<\/td><td class=\"column-5\">Punainen<\/td><td class=\"column-6\">Aurinko<\/td>\n<\/tr>\n<tr class=\"row-37\">\n\t<td class=\"column-1\">Punahattu &#8221;Deep rose&#8221;<\/td><td class=\"column-2\">6.25<\/td><td class=\"column-3\">60<\/td><td class=\"column-4\">Hein\u00e4-Syys<\/td><td class=\"column-5\">Vaaleanpunainen<\/td><td class=\"column-6\">Aurinko<\/td>\n<\/tr>\n<tr class=\"row-38\">\n\t<td class=\"column-1\">Punak\u00e4rs\u00e4m\u00f6<\/td><td class=\"column-2\">6.25<\/td><td class=\"column-3\">40-60<\/td><td class=\"column-4\">Hein\u00e4-Syys<\/td><td class=\"column-5\">Punainen<\/td><td class=\"column-6\">Aurinko<\/td>\n<\/tr>\n<tr class=\"row-39\">\n\t<td class=\"column-1\">Rohtosormustinkukka Excelsior mix<\/td><td class=\"column-2\">5.00<\/td><td class=\"column-3\">120<\/td><td class=\"column-4\">Kes\u00e4-Hein\u00e4<\/td><td class=\"column-5\">Mix<\/td><td class=\"column-6\">Aurinko\/Puolivarjo<\/td>\n<\/tr>\n<tr class=\"row-40\">\n\t<td class=\"column-1\">Ruusulilja &#8221;Aisha&#8221;<\/td><td class=\"column-2\">5.20<\/td><td class=\"column-3\">80-100<\/td><td class=\"column-4\">Elo-Syys<\/td><td class=\"column-5\">Valkoinen<\/td><td class=\"column-6\">Aurinko\/puolivarjo<\/td>\n<\/tr>\n<tr class=\"row-41\">\n\t<td class=\"column-1\">Ruusulilja &#8221;Anouska&#8221;<\/td><td class=\"column-2\">5.20<\/td><td class=\"column-3\">70-90<\/td><td class=\"column-4\">Elo-Syys<\/td><td class=\"column-5\">Valkoinen\/Vaaleanpunainen<\/td><td class=\"column-6\">Aurinko\/puolivarjo<\/td>\n<\/tr>\n<tr class=\"row-42\">\n\t<td class=\"column-1\">Ruusulilja &#8221;Doria&#8221;<\/td><td class=\"column-2\">5.20<\/td><td class=\"column-3\">80-100<\/td><td class=\"column-4\">Elo-Syys<\/td><td class=\"column-5\">Pinkki<\/td><td class=\"column-6\">Aurinko\/puolivarjo<\/td>\n<\/tr>\n<tr class=\"row-43\">\n\t<td class=\"column-1\">Ruusulilja &#8221;Mikaela&#8221;<\/td><td class=\"column-2\">5.20<\/td><td class=\"column-3\">80-90<\/td><td class=\"column-4\">Elo-Syys<\/td><td class=\"column-5\">Valkoinen\/Vaaleanpunainen<\/td><td class=\"column-6\">Aurinko\/puolivarjo<\/td>\n<\/tr>\n<tr class=\"row-44\">\n\t<td class=\"column-1\">Sammalleimu &#8221;Emerald Cushion Blue&#8221;<\/td><td class=\"column-2\">5.25<\/td><td class=\"column-3\">10-15<\/td><td class=\"column-4\">Touko-Kes\u00e4<\/td><td class=\"column-5\">Vaaleansininen\/lila<\/td><td class=\"column-6\">Aurinko<\/td>\n<\/tr>\n<tr class=\"row-45\">\n\t<td class=\"column-1\">Sammalleimu &#8221;Scarlet Flame&#8221;<\/td><td class=\"column-2\">5.25<\/td><td class=\"column-3\">10-15<\/td><td class=\"column-4\">Touko-Kes\u00e4<\/td><td class=\"column-5\">Pinkki<\/td><td class=\"column-6\">Aurinko<\/td>\n<\/tr>\n<tr class=\"row-46\">\n\t<td class=\"column-1\">Sinipallo-ohdake<\/td><td class=\"column-2\">8.00<\/td><td class=\"column-3\">50-100<\/td><td class=\"column-4\">Hein\u00e4-Syys<\/td><td class=\"column-5\">Hopeasinilila<\/td><td class=\"column-6\">Aurinko<\/td>\n<\/tr>\n<tr class=\"row-47\">\n\t<td class=\"column-1\">Siperianpallo-ohdake<\/td><td class=\"column-2\">5.00<\/td><td class=\"column-3\">120<\/td><td class=\"column-4\">Hein\u00e4-Elo<\/td><td class=\"column-5\">Sininen<\/td><td class=\"column-6\">Aurinko<\/td>\n<\/tr>\n<tr class=\"row-48\">\n\t<td class=\"column-1\">Siperianunikko<\/td><td class=\"column-2\">5.00<\/td><td class=\"column-3\">30-40<\/td><td class=\"column-4\">Kes\u00e4-Syys<\/td><td class=\"column-5\">Mix<\/td><td class=\"column-6\">Aurinko<\/td>\n<\/tr>\n<tr class=\"row-49\">\n\t<td class=\"column-1\">Sormustinkukka<\/td><td class=\"column-2\">5.00<\/td><td class=\"column-3\">80-100<\/td><td class=\"column-4\">Kes\u00e4-Elo<\/td><td class=\"column-5\">Rosa\/keltainen<\/td><td class=\"column-6\">Aurinko\/Puolivarjo<\/td>\n<\/tr>\n<tr class=\"row-50\">\n\t<td class=\"column-1\">Syysleimu &#8221;Adessa Rose Eye&#8221;<\/td><td class=\"column-2\">6.25<\/td><td class=\"column-3\">50<\/td><td class=\"column-4\">Hein\u00e4-Elo<\/td><td class=\"column-5\">Vaaleanpunainen<\/td><td class=\"column-6\">Aurinko<\/td>\n<\/tr>\n<tr class=\"row-51\">\n\t<td class=\"column-1\">Syysleimu &#8221;Adessa Special Fire&#8221;<\/td><td class=\"column-2\">6.25<\/td><td class=\"column-3\">60<\/td><td class=\"column-4\">Hein\u00e4-Elo<\/td><td class=\"column-5\">Punainen<\/td><td class=\"column-6\">Aurinko<\/td>\n<\/tr>\n<tr class=\"row-52\">\n\t<td class=\"column-1\">Syysleimu &#8221;Adessa White&#8221;<\/td><td class=\"column-2\">6.25<\/td><td class=\"column-3\">50<\/td><td class=\"column-4\">Hein\u00e4-Elo<\/td><td class=\"column-5\">Valkoinen<\/td><td class=\"column-6\">Aurinko<\/td>\n<\/tr>\n<tr class=\"row-53\">\n\t<td class=\"column-1\">Syysleimu &#8221;Laura&#8221;<\/td><td class=\"column-2\">6.25<\/td><td class=\"column-3\">80-100<\/td><td class=\"column-4\">Hein\u00e4-Syys<\/td><td class=\"column-5\">Lila<\/td><td class=\"column-6\">Aurinko\/puolivarjo<\/td>\n<\/tr>\n<tr class=\"row-54\">\n\t<td class=\"column-1\">S\u00e4rkynytsyd\u00e4n <\/td><td class=\"column-2\">8.30<\/td><td class=\"column-3\">80-100<\/td><td class=\"column-4\">Kes\u00e4kuu<\/td><td class=\"column-5\">Vaaleanpunainen<\/td><td class=\"column-6\">Puolivarjo<\/td>\n<\/tr>\n<tr class=\"row-55\">\n\t<td class=\"column-1\">S\u00e4rkynytsyd\u00e4n valkoinen<\/td><td class=\"column-2\">8.30<\/td><td class=\"column-3\">80-100<\/td><td class=\"column-4\">Kes\u00e4kuu<\/td><td class=\"column-5\">Valkoinen<\/td><td class=\"column-6\">Puolivarjo<\/td>\n<\/tr>\n<tr class=\"row-56\">\n\t<td class=\"column-1\">Tarhakurjenmiekka &#8221;Fort Apache&#8221;<\/td><td class=\"column-2\">6.50<\/td><td class=\"column-3\">70-90<\/td><td class=\"column-4\">Kes\u00e4-Hein\u00e4<\/td><td class=\"column-5\">Punainen<\/td><td class=\"column-6\">Aurinko\/Puolivarjo<\/td>\n<\/tr>\n<tr class=\"row-57\">\n\t<td class=\"column-1\">Tulikellukka<\/td><td class=\"column-2\">6.00<\/td><td class=\"column-3\">30-40<\/td><td class=\"column-4\">Kes\u00e4-Hein\u00e4<\/td><td class=\"column-5\">Oranssi<\/td><td class=\"column-6\">Aurinko\/puolivarjo<\/td>\n<\/tr>\n<tr class=\"row-58\">\n\t<td class=\"column-1\">Tuoksukurjenpolvi &#8221;Czakor&#8221;<\/td><td class=\"column-2\">8.00<\/td><td class=\"column-3\">20-30<\/td><td class=\"column-4\">Kes\u00e4-Elo<\/td><td class=\"column-5\">Purppuranlila<\/td><td class=\"column-6\">Aurinko\/Puolivarjo\/Varjo<\/td>\n<\/tr>\n<tr class=\"row-59\">\n\t<td class=\"column-1\">Tyr\u00e4kki &#8221;Miners Merlot&#8221;<\/td><td class=\"column-2\">8.80<\/td><td class=\"column-3\">40-50<\/td><td class=\"column-4\">Kes\u00e4-Hein\u00e4<\/td><td class=\"column-5\">Keltainen<\/td><td class=\"column-6\">Aurinko\/Puolivarjo<\/td>\n<\/tr>\n<tr class=\"row-60\">\n\t<td class=\"column-1\">V\u00e4rililja &#8221;Fancy Dance&#8221;<\/td><td class=\"column-2\">3.35<\/td><td class=\"column-3\">70-90<\/td><td class=\"column-4\">Hein\u00e4-Elo<\/td><td class=\"column-5\">Vaalean\/lohenpunainen<\/td><td class=\"column-6\">Aurinko\/puolivarjo<\/td>\n<\/tr>\n<tr class=\"row-61\">\n\t<td class=\"column-1\">V\u00e4rililja &#8221;Kent&#8221;<\/td><td class=\"column-2\">3.15<\/td><td class=\"column-3\">60-70<\/td><td class=\"column-4\">Hein\u00e4-Elo<\/td><td class=\"column-5\">Valkoinen<\/td><td class=\"column-6\">Aurinko\/puolivarjo<\/td>\n<\/tr>\n<tr class=\"row-62\">\n\t<td class=\"column-1\">V\u00e4rililja &#8221;Lollypop&#8221;<\/td><td class=\"column-2\">3.35<\/td><td class=\"column-3\">60-70<\/td><td class=\"column-4\">Hein\u00e4-Elo<\/td><td class=\"column-5\">Pinkki\/Valkoinen<\/td><td class=\"column-6\">Aurinko\/puolivarjo<\/td>\n<\/tr>\n<tr class=\"row-63\">\n\t<td class=\"column-1\">V\u00e4rililja &#8221;Nightrider&#8221;<\/td><td class=\"column-2\">3.50<\/td><td class=\"column-3\">90-110<\/td><td class=\"column-4\">Hein\u00e4-Elo<\/td><td class=\"column-5\">Tummanpunainen<\/td><td class=\"column-6\">Aurinko\/puolivarjo<\/td>\n<\/tr>\n<tr class=\"row-64\">\n\t<td class=\"column-1\">V\u00e4rililja &#8221;Pink County&#8221;<\/td><td class=\"column-2\">3.15<\/td><td class=\"column-3\">80-90<\/td><td class=\"column-4\">Hein\u00e4-Elo<\/td><td class=\"column-5\">Tummanpunainen<\/td><td class=\"column-6\">Aurinko\/puolivarjo<\/td>\n<\/tr>\n<tr class=\"row-65\">\n\t<td class=\"column-1\">V\u00e4rlilija &#8221;Red Highland&#8221;<\/td><td class=\"column-2\">3.15<\/td><td class=\"column-3\">60-70<\/td><td class=\"column-4\">Hein\u00e4-Elo<\/td><td class=\"column-5\">Punainen<\/td><td class=\"column-6\">Aurinko\/puolivarjo<\/td>\n<\/tr>\n<tr class=\"row-66\">\n\t<td class=\"column-1\">V\u00e4rlilja &#8221;Rapid Yellow&#8221;<\/td><td class=\"column-2\">3.15<\/td><td class=\"column-3\">80-100<\/td><td class=\"column-4\">Hein\u00e4-Elo<\/td><td class=\"column-5\">Keltainen<\/td><td class=\"column-6\">Aurinko\/puolivarjo<\/td>\n<\/tr>\n<\/tbody>\n<\/table>\n<!-- #tablepress-4 from cache -->\n\n\n<p><\/p>\n","protected":false},"excerpt":{"rendered":"","protected":false},"author":1,"featured_media":0,"parent":0,"menu_order":0,"comment_status":"closed","ping_status":"closed","template":"","meta":{"footnotes":""},"class_list":["post-143","page","type-page","status-publish","hentry"],"_links":{"self":[{"href":"https:\/\/www.pudasjarvenpuutarha.fi\/index.php?rest_route=\/wp\/v2\/pages\/143","targetHints":{"allow":["GET"]}}],"collection":[{"href":"https:\/\/www.pudasjarvenpuutarha.fi\/index.php?rest_route=\/wp\/v2\/pages"}],"about":[{"href":"https:\/\/www.pudasjarvenpuutarha.fi\/index.php?rest_route=\/wp\/v2\/types\/page"}],"author":[{"embeddable":true,"href":"https:\/\/www.pudasjarvenpuutarha.fi\/index.php?rest_route=\/wp\/v2\/users\/1"}],"replies":[{"embeddable":true,"href":"https:\/\/www.pudasjarvenpuutarha.fi\/index.php?rest_route=%2Fwp%2Fv2%2Fcomments&post=143"}],"version-history":[{"count":7,"href":"https:\/\/www.pudasjarvenpuutarha.fi\/index.php?rest_route=\/wp\/v2\/pages\/143\/revisions"}],"predecessor-version":[{"id":222,"href":"https:\/\/www.pudasjarvenpuutarha.fi\/index.php?rest_route=\/wp\/v2\/pages\/143\/revisions\/222"}],"wp:attachment":[{"href":"https:\/\/www.pudasjarvenpuutarha.fi\/index.php?rest_route=%2Fwp%2Fv2%2Fmedia&parent=143"}],"curies":[{"name":"wp","href":"https:\/\/api.w.org\/{rel}","templated":true}]}}